{"id":375,"date":"2026-04-20T17:09:34","date_gmt":"2026-04-20T17:09:34","guid":{"rendered":"https:\/\/powerchairfootballgrancanaria.com\/?page_id=375"},"modified":"2026-04-26T17:05:59","modified_gmt":"2026-04-26T17:05:59","slug":"valores-y-objetivos","status":"publish","type":"page","link":"https:\/\/powerchairfootballgrancanaria.com\/en\/valores-y-objetivos\/","title":{"rendered":"Valores y objetivos"},"content":{"rendered":"<div data-elementor-type=\"wp-page\" data-elementor-id=\"375\" class=\"elementor elementor-375\" data-elementor-post-type=\"page\">\n\t\t\t\t<div class=\"elementor-element elementor-element-44dfd4d e-flex e-con-boxed e-con e-parent\" data-id=\"44dfd4d\" data-element_type=\"container\" data-e-type=\"container\">\n\t\t\t\t\t<div class=\"e-con-inner\">\n\t\t<div class=\"elementor-element elementor-element-e45f0cb e-con-full e-flex e-con e-child\" data-id=\"e45f0cb\" data-element_type=\"container\" data-e-type=\"container\">\n\t\t\t\t<div class=\"elementor-element elementor-element-726bafc elementor-widget elementor-widget-text-editor\" data-id=\"726bafc\" data-element_type=\"widget\" data-e-type=\"widget\" data-widget_type=\"text-editor.default\">\n\t\t\t\t\t\t\t\t\t<p>Alegr\u00eda<\/p><p><span style=\"font-size: 1rem;\">Integridad<\/span><\/p><p>Compromiso&nbsp;<\/p><p>Responsabilidad<\/p><p>Trabajo en equipo&nbsp;<\/p><p>&nbsp;Respeto&nbsp;<\/p><p>Superaci\u00f3n&nbsp;<\/p><p>Compa\u00f1erismo<\/p>\t\t\t\t\t\t\t\t<\/div>\n\t\t\t\t<\/div>\n\t\t<div class=\"elementor-element elementor-element-c3ee345 e-con-full e-flex e-con e-child\" data-id=\"c3ee345\" data-element_type=\"container\" data-e-type=\"container\">\n\t\t\t\t<div class=\"elementor-element elementor-element-ced6d42 elementor-widget elementor-widget-text-editor\" data-id=\"ced6d42\" data-element_type=\"widget\" data-e-type=\"widget\" data-widget_type=\"text-editor.default\">\n\t\t\t\t\t\t\t\t\t<p>El deporte es mucho m\u00e1s que una actividad f\u00edsica, es una herramienta fundamental para desarrollar los valores que nos permiten alcanzar objetivos. Los nuestros son:<\/p><p>&#8211; Ser una organizaci\u00f3n deportiva de referencia a nivel insular participando activamente en el desarrollo y difusi\u00f3n de este deporte en todas las islas.<\/p><p>&#8211; Garantizar el desarrollo deportivo y personal de las personas con discapacidad, otorg\u00e1ndoles espacios, herramientas y recursos.<\/p><p>&#8211; Generar una comunidad que favorezca los lazos de amistad y el desarrollo de valores.<\/p><p>&#8211; Generar v\u00ednculos y alianzas estrat\u00e9gicas para conseguir los recursos necesarios para garantizar la continuidad de la instituci\u00f3n a trav\u00e9s de los a\u00f1os.<\/p>\t\t\t\t\t\t\t\t<\/div>\n\t\t\t\t<\/div>\n\t\t\t\t\t<\/div>\n\t\t\t\t<\/div>\n\t\t<div class=\"elementor-element elementor-element-02f3dcf e-flex e-con-boxed e-con e-parent\" data-id=\"02f3dcf\" data-element_type=\"container\" data-e-type=\"container\">\n\t\t\t\t\t<div class=\"e-con-inner\">\n\t\t<div class=\"elementor-element elementor-element-fecc31a e-con-full e-flex e-con e-child\" data-id=\"fecc31a\" data-element_type=\"container\" data-e-type=\"container\">\n\t\t<div class=\"elementor-element elementor-element-dfd294a e-con-full e-flex e-con e-child\" data-id=\"dfd294a\" data-element_type=\"container\" data-e-type=\"container\">\n\t\t\t\t<div class=\"elementor-element elementor-element-88b8998 elementor-widget elementor-widget-text-editor\" data-id=\"88b8998\" data-element_type=\"widget\" data-e-type=\"widget\" data-widget_type=\"text-editor.default\">\n\t\t\t\t\t\t\t\t\t<p>Si eres amante del f\u00fatbol y quieres formar parte de un deporte que cambia vidas esta es tu oportunidad, porque adem\u00e1s de hacerlo como deportista tambi\u00e9n puedes unirte como VOLUNTARIO, COLABORADOR o PATROCINADOR<\/p>\t\t\t\t\t\t\t\t<\/div>\n\t\t\t\t<\/div>\n\t\t\t\t<\/div>\n\t\t\t\t\t<\/div>\n\t\t\t\t<\/div>\n\t\t<div class=\"elementor-element elementor-element-cb35318 e-flex e-con-boxed e-con e-parent\" data-id=\"cb35318\" data-element_type=\"container\" data-e-type=\"container\">\n\t\t\t\t\t<div class=\"e-con-inner\">\n\t\t\t\t<div class=\"elementor-element elementor-element-270f3d5 elementor-widget__width-initial elementor-widget elementor-widget-html\" data-id=\"270f3d5\" data-element_type=\"widget\" data-e-type=\"widget\" data-widget_type=\"html.default\">\n\t\t\t\t\t<a href=\"https:\/\/wa.me\/34622846440\" target=\"_blank\" class=\"btn-whatsapp\">\r\n  Whatsapp directo \r\n<\/a>\r\n\r\n<style>\r\n.btn-whatsapp {\r\n  display: inline-block;\r\n  background-color: #25D366;\r\n  color: white;\r\n  padding: 15px 25px;\r\n  font-size: 16px;\r\n  font-weight: bold;\r\n  text-decoration: none;\r\n  border-radius: 8px;\r\n  transition: all 0.3s ease;\r\n  font-family: Arial, sans-serif;\r\n}\r\n\r\n.btn-whatsapp:hover {\r\n  background-color: #1ebe5d;\r\n  transform: scale(1.05);\r\n}\r\n<\/style>\t\t\t\t<\/div>\n\t\t\t\t\t<\/div>\n\t\t\t\t<\/div>\n\t\t\t\t<\/div>","protected":false},"excerpt":{"rendered":"<p>Alegr\u00eda Integridad Compromiso&nbsp; Responsabilidad Trabajo en equipo&nbsp; &nbsp;Respeto&nbsp; Superaci\u00f3n&nbsp; Compa\u00f1erismo El deporte es mucho m\u00e1s que una actividad f\u00edsica, es una herramienta fundamental para desarrollar los valores que nos permiten alcanzar objetivos. Los nuestros son: &#8211; Ser una organizaci\u00f3n deportiva de referencia a nivel insular participando activamente en el desarrollo y difusi\u00f3n de este deporte [&hellip;]<\/p>\n","protected":false},"author":1,"featured_media":0,"parent":0,"menu_order":0,"comment_status":"closed","ping_status":"closed","template":"","meta":{"footnotes":""},"class_list":["post-375","page","type-page","status-publish","hentry"],"_hostinger_reach_plugin_has_subscription_block":false,"_hostinger_reach_plugin_is_elementor":false,"jetpack_sharing_enabled":true,"_links":{"self":[{"href":"https:\/\/powerchairfootballgrancanaria.com\/en\/wp-json\/wp\/v2\/pages\/375","targetHints":{"allow":["GET"]}}],"collection":[{"href":"https:\/\/powerchairfootballgrancanaria.com\/en\/wp-json\/wp\/v2\/pages"}],"about":[{"href":"https:\/\/powerchairfootballgrancanaria.com\/en\/wp-json\/wp\/v2\/types\/page"}],"author":[{"embeddable":true,"href":"https:\/\/powerchairfootballgrancanaria.com\/en\/wp-json\/wp\/v2\/users\/1"}],"replies":[{"embeddable":true,"href":"https:\/\/powerchairfootballgrancanaria.com\/en\/wp-json\/wp\/v2\/comments?post=375"}],"version-history":[{"count":13,"href":"https:\/\/powerchairfootballgrancanaria.com\/en\/wp-json\/wp\/v2\/pages\/375\/revisions"}],"predecessor-version":[{"id":521,"href":"https:\/\/powerchairfootballgrancanaria.com\/en\/wp-json\/wp\/v2\/pages\/375\/revisions\/521"}],"wp:attachment":[{"href":"https:\/\/powerchairfootballgrancanaria.com\/en\/wp-json\/wp\/v2\/media?parent=375"}],"curies":[{"name":"wp","href":"https:\/\/api.w.org\/{rel}","templated":true}]}}