{"id":380,"date":"2026-04-20T17:13:08","date_gmt":"2026-04-20T17:13:08","guid":{"rendered":"https:\/\/powerchairfootballgrancanaria.com\/?page_id=380"},"modified":"2026-04-26T17:13:11","modified_gmt":"2026-04-26T17:13:11","slug":"reglas-de-juego","status":"publish","type":"page","link":"https:\/\/powerchairfootballgrancanaria.com\/en\/reglas-de-juego\/","title":{"rendered":"Reglas de Juego"},"content":{"rendered":"<div data-elementor-type=\"wp-page\" data-elementor-id=\"380\" class=\"elementor elementor-380\" data-elementor-post-type=\"page\">\n\t\t\t\t<div class=\"elementor-element elementor-element-e9410bb e-flex e-con-boxed e-con e-parent\" data-id=\"e9410bb\" data-element_type=\"container\" data-e-type=\"container\">\n\t\t\t\t\t<div class=\"e-con-inner\">\n\t\t<div class=\"elementor-element elementor-element-1cc614a e-con-full e-flex e-con e-child\" data-id=\"1cc614a\" data-element_type=\"container\" data-e-type=\"container\">\n\t\t\t\t<div class=\"elementor-element elementor-element-54f393a elementor-widget elementor-widget-video\" data-id=\"54f393a\" data-element_type=\"widget\" data-e-type=\"widget\" data-settings=\"{&quot;youtube_url&quot;:&quot;https:\\\/\\\/www.youtube.com\\\/watch?v=w_2GXcDIxHY&quot;,&quot;autoplay&quot;:&quot;yes&quot;,&quot;play_on_mobile&quot;:&quot;yes&quot;,&quot;video_type&quot;:&quot;youtube&quot;,&quot;controls&quot;:&quot;yes&quot;}\" data-widget_type=\"video.default\">\n\t\t\t\t\t\t\t<div class=\"elementor-wrapper elementor-open-inline\">\n\t\t\t<div class=\"elementor-video\"><\/div>\t\t<\/div>\n\t\t\t\t\t\t<\/div>\n\t\t\t\t<\/div>\n\t\t<div class=\"elementor-element elementor-element-473a579 e-con-full e-flex e-con e-child\" data-id=\"473a579\" data-element_type=\"container\" data-e-type=\"container\">\n\t\t\t\t<div class=\"elementor-element elementor-element-26c994c elementor-widget elementor-widget-text-editor\" data-id=\"26c994c\" data-element_type=\"widget\" data-e-type=\"widget\" data-widget_type=\"text-editor.default\">\n\t\t\t\t\t\t\t\t\t<p>Especial agradecimiento a Power Chair Argentina por el video.<\/p>\t\t\t\t\t\t\t\t<\/div>\n\t\t\t\t<\/div>\n\t\t<div class=\"elementor-element elementor-element-f4aac2c e-con-full e-flex e-con e-child\" data-id=\"f4aac2c\" data-element_type=\"container\" data-e-type=\"container\">\n\t\t\t\t<div class=\"elementor-element elementor-element-610b914 elementor-widget elementor-widget-text-editor\" data-id=\"610b914\" data-element_type=\"widget\" data-e-type=\"widget\" data-widget_type=\"text-editor.default\">\n\t\t\t\t\t\t\t\t\t<p>&#8211; Lo primero que debes saber: Powerchair es f\u00fatbol, din\u00e1mico, divertido y apasionante como el f\u00fatbol convencional.<br \/>&#8211; Es un deporte mixto y sin l\u00edmite de edad, y esto es fundamental: s\u00faper inclusivo.<br \/>&#8211; Cada equipo participa con 4 jugadores (uno de ellos es el portero).<br \/>&#8211; Se juega en 2 tiempos de 20 minutos.<br \/>&#8211; Posibilidad de cambios ilimitada.<br \/>&#8211; El \u00e1rea de juego debe tener entre 25 y 30 m de largo y entre 14 y 18 m de ancho.<br \/>&#8211; La distancia de la porter\u00eda es de 6 m de ancho.<br \/>&#8211; El bal\u00f3n tiene un di\u00e1metro de 33 cm.<br \/>&#8211; Powerchair no es un deporte dif\u00edcil, pero se necesita entrenar para ganar seguridad, reflejos, afinar la punter\u00eda, familiarizarse con la velocidad de las sillas.<br \/>&#8211; Hay muchas similitudes con el f\u00fatbol convencional (existe el c\u00f3rner, el lateral, el penalti y, por supuesto, hay faltas).<br \/>&#8211; Lo m\u00e1s importante: el trabajo en equipo es fundamental.<\/p>\t\t\t\t\t\t\t\t<\/div>\n\t\t\t\t<\/div>\n\t\t\t\t\t<\/div>\n\t\t\t\t<\/div>\n\t\t<div class=\"elementor-element elementor-element-9a2ce0d e-flex e-con-boxed e-con e-parent\" data-id=\"9a2ce0d\" data-element_type=\"container\" data-e-type=\"container\">\n\t\t\t\t\t<div class=\"e-con-inner\">\n\t\t<div class=\"elementor-element elementor-element-903215a e-con-full e-flex e-con e-child\" data-id=\"903215a\" data-element_type=\"container\" data-e-type=\"container\">\n\t\t\t\t<div class=\"elementor-element elementor-element-073c071 elementor-headline--style-highlight elementor-widget elementor-widget-animated-headline\" data-id=\"073c071\" data-element_type=\"widget\" data-e-type=\"widget\" data-settings=\"{&quot;marker&quot;:&quot;underline&quot;,&quot;highlighted_text&quot;:&quot;necesitas&quot;,&quot;headline_style&quot;:&quot;highlight&quot;,&quot;loop&quot;:&quot;yes&quot;,&quot;highlight_animation_duration&quot;:1200,&quot;highlight_iteration_delay&quot;:8000}\" data-widget_type=\"animated-headline.default\">\n\t\t\t\t\t\t\t<h3 class=\"elementor-headline\">\n\t\t\t\t\t<span class=\"elementor-headline-plain-text elementor-headline-text-wrapper\">Qu\u00e9 silla<\/span>\n\t\t\t\t<span class=\"elementor-headline-dynamic-wrapper elementor-headline-text-wrapper\">\n\t\t\t\t\t<span class=\"elementor-headline-dynamic-text elementor-headline-text-active\">necesitas<\/span>\n\t\t\t\t<\/span>\n\t\t\t\t<\/h3>\n\t\t\t\t\t\t<\/div>\n\t\t\t\t<\/div>\n\t\t<div class=\"elementor-element elementor-element-e41f9ae e-con-full e-flex e-con e-child\" data-id=\"e41f9ae\" data-element_type=\"container\" data-e-type=\"container\">\n\t\t\t\t<div class=\"elementor-element elementor-element-b6a1292 elementor-widget elementor-widget-text-editor\" data-id=\"b6a1292\" data-element_type=\"widget\" data-e-type=\"widget\" data-widget_type=\"text-editor.default\">\n\t\t\t\t\t\t\t\t\t<p>&#8211; Se juega con una silla de ruedas motorizada adaptada con una defensa de hierro para impactar el bal\u00f3n.<br \/>&#8211; Hay un l\u00edmite de velocidad m\u00e1xima de 10 km\/h.<br \/>&#8211; En una primera instancia se recomienda que cada deportista juegue con su propia silla de uso diario o una est\u00e1ndar, para adaptarse al juego y a los movimientos. En una segunda instancia, cuando ya se tiene cierta experiencia en Powerchair y hay un deseo de mejorar y elevar el nivel, se recomienda adquirir una silla de juego profesional.<\/p>\t\t\t\t\t\t\t\t<\/div>\n\t\t\t\t<\/div>\n\t\t\t\t\t<\/div>\n\t\t\t\t<\/div>\n\t\t<div class=\"elementor-element elementor-element-6051d76 e-flex e-con-boxed e-con e-parent\" data-id=\"6051d76\" data-element_type=\"container\" data-e-type=\"container\">\n\t\t\t\t\t<div class=\"e-con-inner\">\n\t\t<div class=\"elementor-element elementor-element-31950bc e-con-full e-flex e-con e-child\" data-id=\"31950bc\" data-element_type=\"container\" data-e-type=\"container\">\n\t\t<div class=\"elementor-element elementor-element-1cd5a51 e-con-full e-flex e-con e-child\" data-id=\"1cd5a51\" data-element_type=\"container\" data-e-type=\"container\">\n\t\t<div class=\"elementor-element elementor-element-5868d35 e-con-full e-flex e-con e-child\" data-id=\"5868d35\" data-element_type=\"container\" data-e-type=\"container\">\n\t\t\t\t<div class=\"elementor-element elementor-element-8e85689 elementor-headline--style-highlight elementor-widget elementor-widget-animated-headline\" data-id=\"8e85689\" data-element_type=\"widget\" data-e-type=\"widget\" data-settings=\"{&quot;marker&quot;:&quot;underline&quot;,&quot;headline_style&quot;:&quot;highlight&quot;,&quot;loop&quot;:&quot;yes&quot;,&quot;highlight_animation_duration&quot;:1200,&quot;highlight_iteration_delay&quot;:8000}\" data-widget_type=\"animated-headline.default\">\n\t\t\t\t\t\t\t<h3 class=\"elementor-headline\">\n\t\t\t\t\t<span class=\"elementor-headline-plain-text elementor-headline-text-wrapper\">\u00bfTe sumas?<\/span>\n\t\t\t\t<span class=\"elementor-headline-dynamic-wrapper elementor-headline-text-wrapper\">\n\t\t\t\t<\/span>\n\t\t\t\t<\/h3>\n\t\t\t\t\t\t<\/div>\n\t\t\t\t<\/div>\n\t\t<div class=\"elementor-element elementor-element-49aede2 e-con-full e-flex e-con e-child\" data-id=\"49aede2\" data-element_type=\"container\" data-e-type=\"container\">\n\t\t\t\t<div class=\"elementor-element elementor-element-769445f elementor-widget elementor-widget-text-editor\" data-id=\"769445f\" data-element_type=\"widget\" data-e-type=\"widget\" data-widget_type=\"text-editor.default\">\n\t\t\t\t\t\t\t\t\t<p>Las ventajas de este deporte son muchas, entre ellas te permitir\u00e1n pasar de espectador a protagonista. No lo pienses, \u00fanete!Contacta con el equipo t\u00e9cnico si tienes dudas o quieres participar; estaremos encantados de ponernos en contacto contigo y explicarte los primeros pasos.<\/p>\t\t\t\t\t\t\t\t<\/div>\n\t\t\t\t<\/div>\n\t\t\t\t<\/div>\n\t\t\t\t<\/div>\n\t\t\t\t\t<\/div>\n\t\t\t\t<\/div>\n\t\t<div class=\"elementor-element elementor-element-dcf162a e-flex e-con-boxed e-con e-parent\" data-id=\"dcf162a\" data-element_type=\"container\" data-e-type=\"container\">\n\t\t\t\t\t<div class=\"e-con-inner\">\n\t\t\t\t<div class=\"elementor-element elementor-element-57e0e07 elementor-widget__width-initial elementor-widget elementor-widget-html\" data-id=\"57e0e07\" data-element_type=\"widget\" data-e-type=\"widget\" data-widget_type=\"html.default\">\n\t\t\t\t\t<a href=\"https:\/\/wa.me\/34622846440\" target=\"_blank\" class=\"btn-whatsapp\">\r\n  Whatsapp directo \r\n<\/a>\r\n\r\n<style>\r\n.btn-whatsapp {\r\n  display: inline-block;\r\n  background-color: #25D366;\r\n  color: white;\r\n  padding: 15px 25px;\r\n  font-size: 16px;\r\n  font-weight: bold;\r\n  text-decoration: none;\r\n  border-radius: 8px;\r\n  transition: all 0.3s ease;\r\n  font-family: Arial, sans-serif;\r\n}\r\n\r\n.btn-whatsapp:hover {\r\n  background-color: #1ebe5d;\r\n  transform: scale(1.05);\r\n}\r\n<\/style>\t\t\t\t<\/div>\n\t\t\t\t\t<\/div>\n\t\t\t\t<\/div>\n\t\t\t\t<\/div>","protected":false},"excerpt":{"rendered":"<p>https:\/\/www.youtube.com\/watch?v=w_2GXcDIxHY Especial agradecimiento a Power Chair Argentina por el video. &#8211; Lo primero que debes saber: Powerchair es f\u00fatbol, din\u00e1mico, divertido y apasionante como el f\u00fatbol convencional.&#8211; Es un deporte mixto y sin l\u00edmite de edad, y esto es fundamental: s\u00faper inclusivo.&#8211; Cada equipo participa con 4 jugadores (uno de ellos es el portero).&#8211; Se [&hellip;]<\/p>\n","protected":false},"author":1,"featured_media":0,"parent":0,"menu_order":0,"comment_status":"closed","ping_status":"closed","template":"","meta":{"footnotes":""},"class_list":["post-380","page","type-page","status-publish","hentry"],"_hostinger_reach_plugin_has_subscription_block":false,"_hostinger_reach_plugin_is_elementor":false,"jetpack_sharing_enabled":true,"_links":{"self":[{"href":"https:\/\/powerchairfootballgrancanaria.com\/en\/wp-json\/wp\/v2\/pages\/380","targetHints":{"allow":["GET"]}}],"collection":[{"href":"https:\/\/powerchairfootballgrancanaria.com\/en\/wp-json\/wp\/v2\/pages"}],"about":[{"href":"https:\/\/powerchairfootballgrancanaria.com\/en\/wp-json\/wp\/v2\/types\/page"}],"author":[{"embeddable":true,"href":"https:\/\/powerchairfootballgrancanaria.com\/en\/wp-json\/wp\/v2\/users\/1"}],"replies":[{"embeddable":true,"href":"https:\/\/powerchairfootballgrancanaria.com\/en\/wp-json\/wp\/v2\/comments?post=380"}],"version-history":[{"count":17,"href":"https:\/\/powerchairfootballgrancanaria.com\/en\/wp-json\/wp\/v2\/pages\/380\/revisions"}],"predecessor-version":[{"id":526,"href":"https:\/\/powerchairfootballgrancanaria.com\/en\/wp-json\/wp\/v2\/pages\/380\/revisions\/526"}],"wp:attachment":[{"href":"https:\/\/powerchairfootballgrancanaria.com\/en\/wp-json\/wp\/v2\/media?parent=380"}],"curies":[{"name":"wp","href":"https:\/\/api.w.org\/{rel}","templated":true}]}}