{"id":405,"date":"2026-04-20T17:44:30","date_gmt":"2026-04-20T17:44:30","guid":{"rendered":"https:\/\/powerchairfootballgrancanaria.com\/?page_id=405"},"modified":"2026-04-26T16:54:54","modified_gmt":"2026-04-26T16:54:54","slug":"donaciones","status":"publish","type":"page","link":"https:\/\/powerchairfootballgrancanaria.com\/en\/donaciones\/","title":{"rendered":"Donaciones"},"content":{"rendered":"<div data-elementor-type=\"wp-page\" data-elementor-id=\"405\" class=\"elementor elementor-405\" data-elementor-post-type=\"page\">\n\t\t\t\t<div class=\"elementor-element elementor-element-a9043cc e-flex e-con-boxed e-con e-parent\" data-id=\"a9043cc\" data-element_type=\"container\" data-e-type=\"container\">\n\t\t\t\t\t<div class=\"e-con-inner\">\n\t\t<div class=\"elementor-element elementor-element-db0de21 e-con-full e-flex e-con e-child\" data-id=\"db0de21\" data-element_type=\"container\" data-e-type=\"container\">\n\t\t\t\t<div class=\"elementor-element elementor-element-63c533f elementor-widget elementor-widget-image\" data-id=\"63c533f\" data-element_type=\"widget\" data-e-type=\"widget\" data-widget_type=\"image.default\">\n\t\t\t\t\t\t\t\t\t\t\t\t\t\t\t<img fetchpriority=\"high\" decoding=\"async\" width=\"800\" height=\"800\" src=\"https:\/\/powerchairfootballgrancanaria.com\/wp-content\/uploads\/2026\/04\/Gemini_Generated_Image_prkzqgprkzqgprkz.png\" class=\"attachment-large size-large wp-image-411\" alt=\"\" srcset=\"https:\/\/powerchairfootballgrancanaria.com\/wp-content\/uploads\/2026\/04\/Gemini_Generated_Image_prkzqgprkzqgprkz.png 1024w, https:\/\/powerchairfootballgrancanaria.com\/wp-content\/uploads\/2026\/04\/Gemini_Generated_Image_prkzqgprkzqgprkz-300x300.png 300w, https:\/\/powerchairfootballgrancanaria.com\/wp-content\/uploads\/2026\/04\/Gemini_Generated_Image_prkzqgprkzqgprkz-150x150.png 150w, https:\/\/powerchairfootballgrancanaria.com\/wp-content\/uploads\/2026\/04\/Gemini_Generated_Image_prkzqgprkzqgprkz-768x768.png 768w, https:\/\/powerchairfootballgrancanaria.com\/wp-content\/uploads\/2026\/04\/Gemini_Generated_Image_prkzqgprkzqgprkz-12x12.png 12w, https:\/\/powerchairfootballgrancanaria.com\/wp-content\/uploads\/2026\/04\/Gemini_Generated_Image_prkzqgprkzqgprkz-600x600.png 600w, https:\/\/powerchairfootballgrancanaria.com\/wp-content\/uploads\/2026\/04\/Gemini_Generated_Image_prkzqgprkzqgprkz-100x100.png 100w\" sizes=\"(max-width: 800px) 100vw, 800px\" \/>\t\t\t\t\t\t\t\t\t\t\t\t\t\t\t<\/div>\n\t\t\t\t<\/div>\n\t\t<div class=\"elementor-element elementor-element-74c0bd8 e-con-full e-flex e-con e-child\" data-id=\"74c0bd8\" data-element_type=\"container\" data-e-type=\"container\">\n\t\t\t\t<div class=\"elementor-element elementor-element-fb16e2b elementor-widget elementor-widget-text-editor\" data-id=\"fb16e2b\" data-element_type=\"widget\" data-e-type=\"widget\" data-widget_type=\"text-editor.default\">\n\t\t\t\t\t\t\t\t\t<p>\u00a0<\/p><p>La suma de esfuerzos y cada aportaci\u00f3n, por peque\u00f1a que sea, nos permite seguir creciendo y desarrollando este maravilloso deporte. Para ello, puedes darnos tu voto de confianza mes a mes, o por \u00fanica vez (es autom\u00e1tico, no te implicar\u00e1 ning\u00fan esfuerzo de gesti\u00f3n extra).<br \/>Puedes elegir a d\u00f3nde quieres vaya tu aporte.<\/p>\t\t\t\t\t\t\t\t<\/div>\n\t\t\t\t<div class=\"elementor-element elementor-element-4b43a7d elementor-widget elementor-widget-text-editor\" data-id=\"4b43a7d\" data-element_type=\"widget\" data-e-type=\"widget\" data-widget_type=\"text-editor.default\">\n\t\t\t\t\t\t\t\t\t<p>Puedes elegir a d\u00f3nde quieres vaya tu aporte.<\/p>\t\t\t\t\t\t\t\t<\/div>\n\t\t\t\t<\/div>\n\t\t<div class=\"elementor-element elementor-element-65f02c6 e-con-full e-flex e-con e-child\" data-id=\"65f02c6\" data-element_type=\"container\" data-e-type=\"container\">\n\t\t\t\t<div class=\"elementor-element elementor-element-e8dad9f elementor-widget elementor-widget-text-editor\" data-id=\"e8dad9f\" data-element_type=\"widget\" data-e-type=\"widget\" data-widget_type=\"text-editor.default\">\n\t\t\t\t\t\t\t\t\t<p>\u00a0<\/p><p>&#8211; La compra de sillas de ruedas a motor (el 100% de tu donaci\u00f3n se destina a la adquisici\u00f3n de sillas).<\/p><p>&#8211; El crecimiento del deporte en Canarias (art\u00edculos deportivos, equipamiento, viajes, traslados, difusi\u00f3n, gastos operativos).<\/p>\t\t\t\t\t\t\t\t<\/div>\n\t\t\t\t<\/div>\n\t\t\t\t\t<\/div>\n\t\t\t\t<\/div>\n\t\t<div class=\"elementor-element elementor-element-0fff604 e-flex e-con-boxed e-con e-parent\" data-id=\"0fff604\" data-element_type=\"container\" data-e-type=\"container\">\n\t\t\t\t\t<div class=\"e-con-inner\">\n\t\t<div class=\"elementor-element elementor-element-6dc90b5 e-con-full e-flex e-con e-child\" data-id=\"6dc90b5\" data-element_type=\"container\" data-e-type=\"container\">\n\t\t\t\t<div class=\"elementor-element elementor-element-7e3b5ff elementor-widget elementor-widget-image\" data-id=\"7e3b5ff\" data-element_type=\"widget\" data-e-type=\"widget\" data-widget_type=\"image.default\">\n\t\t\t\t\t\t\t\t\t\t\t\t\t\t\t<img decoding=\"async\" width=\"700\" height=\"500\" src=\"https:\/\/powerchairfootballgrancanaria.com\/wp-content\/uploads\/2026\/04\/4.png\" class=\"attachment-large size-large wp-image-96\" alt=\"\" srcset=\"https:\/\/powerchairfootballgrancanaria.com\/wp-content\/uploads\/2026\/04\/4.png 700w, https:\/\/powerchairfootballgrancanaria.com\/wp-content\/uploads\/2026\/04\/4-300x214.png 300w, https:\/\/powerchairfootballgrancanaria.com\/wp-content\/uploads\/2026\/04\/4-600x429.png 600w\" sizes=\"(max-width: 700px) 100vw, 700px\" \/>\t\t\t\t\t\t\t\t\t\t\t\t\t\t\t<\/div>\n\t\t\t\t<\/div>\n\t\t<div class=\"elementor-element elementor-element-788343c e-con-full e-flex e-con e-child\" data-id=\"788343c\" data-element_type=\"container\" data-e-type=\"container\">\n\t\t\t\t<div class=\"elementor-element elementor-element-0225ca9 elementor-widget elementor-widget-text-editor\" data-id=\"0225ca9\" data-element_type=\"widget\" data-e-type=\"widget\" data-widget_type=\"text-editor.default\">\n\t\t\t\t\t\t\t\t\t<p>\u00a0<\/p><p>\u00a0<\/p><p>&#8211; La compra de sillas de ruedas a motor (el 100% de tu donaci\u00f3n se destina a la adquisici\u00f3n de sillas).<\/p>\t\t\t\t\t\t\t\t<\/div>\n\t\t\t\t<\/div>\n\t\t<div class=\"elementor-element elementor-element-b2d2acb e-con-full e-flex e-con e-child\" data-id=\"b2d2acb\" data-element_type=\"container\" data-e-type=\"container\">\n\t\t\t\t<div class=\"elementor-element elementor-element-e870f6c elementor-widget elementor-widget-progress\" data-id=\"e870f6c\" data-element_type=\"widget\" data-e-type=\"widget\" data-widget_type=\"progress.default\">\n\t\t\t\t\t\t\t\t<span class=\"elementor-title\" id=\"elementor-progress-bar-e870f6c\">\n\t\t\t\tDonaciones recibidas\t\t\t<\/span>\n\t\t\n\t\t<div aria-labelledby=\"elementor-progress-bar-e870f6c\" class=\"elementor-progress-wrapper\" role=\"progressbar\" aria-valuemin=\"0\" aria-valuemax=\"100\" aria-valuenow=\"7\" aria-valuetext=\"7% (Recaudado)\">\n\t\t\t<div class=\"elementor-progress-bar\" data-max=\"7\">\n\t\t\t\t<span class=\"elementor-progress-text\">Recaudado<\/span>\n\t\t\t\t\t\t\t\t\t<span class=\"elementor-progress-percentage\">7%<\/span>\n\t\t\t\t\t\t\t<\/div>\n\t\t<\/div>\n\t\t\t\t\t\t<\/div>\n\t\t\t\t<\/div>\n\t\t\t\t\t<\/div>\n\t\t\t\t<\/div>\n\t\t<div class=\"elementor-element elementor-element-a99c165 e-flex e-con-boxed e-con e-parent\" data-id=\"a99c165\" data-element_type=\"container\" data-e-type=\"container\">\n\t\t\t\t\t<div class=\"e-con-inner\">\n\t\t<div class=\"elementor-element elementor-element-b996449 e-con-full e-flex e-con e-child\" data-id=\"b996449\" data-element_type=\"container\" data-e-type=\"container\">\n\t\t\t\t<div class=\"elementor-element elementor-element-0b53520 elementor-widget elementor-widget-image\" data-id=\"0b53520\" data-element_type=\"widget\" data-e-type=\"widget\" data-widget_type=\"image.default\">\n\t\t\t\t\t\t\t\t\t\t\t\t\t\t\t<img decoding=\"async\" width=\"800\" height=\"709\" src=\"https:\/\/powerchairfootballgrancanaria.com\/wp-content\/uploads\/2026\/04\/Gemini_Generated_Image_3xdgi93xdgi93xdg-1024x907.png\" class=\"attachment-large size-large wp-image-417\" alt=\"\" srcset=\"https:\/\/powerchairfootballgrancanaria.com\/wp-content\/uploads\/2026\/04\/Gemini_Generated_Image_3xdgi93xdgi93xdg-1024x907.png 1024w, https:\/\/powerchairfootballgrancanaria.com\/wp-content\/uploads\/2026\/04\/Gemini_Generated_Image_3xdgi93xdgi93xdg-300x266.png 300w, https:\/\/powerchairfootballgrancanaria.com\/wp-content\/uploads\/2026\/04\/Gemini_Generated_Image_3xdgi93xdgi93xdg-768x680.png 768w, https:\/\/powerchairfootballgrancanaria.com\/wp-content\/uploads\/2026\/04\/Gemini_Generated_Image_3xdgi93xdgi93xdg-14x12.png 14w, https:\/\/powerchairfootballgrancanaria.com\/wp-content\/uploads\/2026\/04\/Gemini_Generated_Image_3xdgi93xdgi93xdg-600x531.png 600w, https:\/\/powerchairfootballgrancanaria.com\/wp-content\/uploads\/2026\/04\/Gemini_Generated_Image_3xdgi93xdgi93xdg.png 1102w\" sizes=\"(max-width: 800px) 100vw, 800px\" \/>\t\t\t\t\t\t\t\t\t\t\t\t\t\t\t<\/div>\n\t\t\t\t<\/div>\n\t\t<div class=\"elementor-element elementor-element-5038881 e-con-full e-flex e-con e-child\" data-id=\"5038881\" data-element_type=\"container\" data-e-type=\"container\">\n\t\t\t\t<div class=\"elementor-element elementor-element-2acfd5f elementor-widget elementor-widget-text-editor\" data-id=\"2acfd5f\" data-element_type=\"widget\" data-e-type=\"widget\" data-widget_type=\"text-editor.default\">\n\t\t\t\t\t\t\t\t\t<p>\u00a0<\/p><p>&#8211; El crecimiento del deporte en Canarias (art\u00edculos deportivos, equipamiento, viajes, traslados, difusi\u00f3n, gastos operativos).<\/p>\t\t\t\t\t\t\t\t<\/div>\n\t\t\t\t<\/div>\n\t\t<div class=\"elementor-element elementor-element-d1229de e-con-full e-flex e-con e-child\" data-id=\"d1229de\" data-element_type=\"container\" data-e-type=\"container\">\n\t\t\t\t<div class=\"elementor-element elementor-element-f105aaa elementor-widget elementor-widget-progress\" data-id=\"f105aaa\" data-element_type=\"widget\" data-e-type=\"widget\" data-widget_type=\"progress.default\">\n\t\t\t\t\t\t\t\t<span class=\"elementor-title\" id=\"elementor-progress-bar-f105aaa\">\n\t\t\t\tDonaciones recibidas\t\t\t<\/span>\n\t\t\n\t\t<div aria-labelledby=\"elementor-progress-bar-f105aaa\" class=\"elementor-progress-wrapper\" role=\"progressbar\" aria-valuemin=\"0\" aria-valuemax=\"100\" aria-valuenow=\"7\" aria-valuetext=\"7% (Recaudado)\">\n\t\t\t<div class=\"elementor-progress-bar\" data-max=\"7\">\n\t\t\t\t<span class=\"elementor-progress-text\">Recaudado<\/span>\n\t\t\t\t\t\t\t\t\t<span class=\"elementor-progress-percentage\">7%<\/span>\n\t\t\t\t\t\t\t<\/div>\n\t\t<\/div>\n\t\t\t\t\t\t<\/div>\n\t\t\t\t<\/div>\n\t\t\t\t\t<\/div>\n\t\t\t\t<\/div>\n\t\t<div class=\"elementor-element elementor-element-f89d07f e-con-full e-flex e-con e-parent\" data-id=\"f89d07f\" data-element_type=\"container\" data-e-type=\"container\">\n\t\t<div class=\"elementor-element elementor-element-544bb70 e-con-full e-flex e-con e-child\" data-id=\"544bb70\" data-element_type=\"container\" data-e-type=\"container\">\n\t\t<div class=\"elementor-element elementor-element-c4956c6 e-con-full e-flex e-con e-child\" data-id=\"c4956c6\" data-element_type=\"container\" data-e-type=\"container\">\n\t\t<div class=\"elementor-element elementor-element-c89a792 e-con-full e-flex e-con e-child\" data-id=\"c89a792\" data-element_type=\"container\" data-e-type=\"container\">\n\t\t\t\t<div class=\"elementor-element elementor-element-97cb5fd elementor-widget__width-initial elementor-widget-mobile__width-initial elementor-widget elementor-widget-html\" data-id=\"97cb5fd\" data-element_type=\"widget\" data-e-type=\"widget\" data-widget_type=\"html.default\">\n\t\t\t\t\t<div style=\"text-align:center; max-width:600px; margin:40px auto; font-family:sans-serif;\">\r\n\r\n    <h2 style=\"color:#0d6efd;\">Ay\u00fadanos a conseguir una nueva silla <\/h2>\r\n\r\n    <p style=\"font-size:18px; line-height:1.6;\">\r\n        Cada aportaci\u00f3n, por peque\u00f1a que sea, nos acerca a un objetivo muy importante:\r\n        dar la oportunidad a m\u00e1s jugadores de formar parte del Powerchair Football.\r\n    <\/p>\r\n\r\n    <p style=\"font-size:18px; font-weight:bold; color:#28a745;\">\r\n        Con tu ayuda podemos cambiar vidas     <\/p>\r\n\r\n    <a href=\"https:\/\/powerchairfootballgrancanaria.com\/en\/product\/donacion-e-silla-de-powerchair-football\/\" \r\n       style=\"display:inline-block; margin-top:20px; padding:15px 30px;        background:#ffc107; color:#000; text-decoration:none;        border-radius:30px; font-weight:bold; font-size:16px;\">\r\n       Donar ahora\r\n    <\/a>\r\n\r\n    <p style=\"margin-top:15px; font-size:14px; color:#555;\">\r\n        100% de tu donaci\u00f3n se destina a la adquisici\u00f3n de la silla\r\n    <\/p>\r\n\r\n<\/div>\t\t\t\t<\/div>\n\t\t\t\t<\/div>\n\t\t\t\t<\/div>\n\t\t\t\t<\/div>\n\t\t\t\t<\/div>\n\t\t\t\t<\/div>","protected":false},"excerpt":{"rendered":"<p>\u00a0 La suma de esfuerzos y cada aportaci\u00f3n, por peque\u00f1a que sea, nos permite seguir creciendo y desarrollando este maravilloso deporte. Para ello, puedes darnos tu voto de confianza mes a mes, o por \u00fanica vez (es autom\u00e1tico, no te implicar\u00e1 ning\u00fan esfuerzo de gesti\u00f3n extra).Puedes elegir a d\u00f3nde quieres vaya tu aporte. Puedes elegir [&hellip;]<\/p>\n","protected":false},"author":1,"featured_media":0,"parent":0,"menu_order":0,"comment_status":"closed","ping_status":"closed","template":"","meta":{"footnotes":""},"class_list":["post-405","page","type-page","status-publish","hentry"],"_hostinger_reach_plugin_has_subscription_block":false,"_hostinger_reach_plugin_is_elementor":false,"jetpack_sharing_enabled":true,"_links":{"self":[{"href":"https:\/\/powerchairfootballgrancanaria.com\/en\/wp-json\/wp\/v2\/pages\/405","targetHints":{"allow":["GET"]}}],"collection":[{"href":"https:\/\/powerchairfootballgrancanaria.com\/en\/wp-json\/wp\/v2\/pages"}],"about":[{"href":"https:\/\/powerchairfootballgrancanaria.com\/en\/wp-json\/wp\/v2\/types\/page"}],"author":[{"embeddable":true,"href":"https:\/\/powerchairfootballgrancanaria.com\/en\/wp-json\/wp\/v2\/users\/1"}],"replies":[{"embeddable":true,"href":"https:\/\/powerchairfootballgrancanaria.com\/en\/wp-json\/wp\/v2\/comments?post=405"}],"version-history":[{"count":26,"href":"https:\/\/powerchairfootballgrancanaria.com\/en\/wp-json\/wp\/v2\/pages\/405\/revisions"}],"predecessor-version":[{"id":505,"href":"https:\/\/powerchairfootballgrancanaria.com\/en\/wp-json\/wp\/v2\/pages\/405\/revisions\/505"}],"wp:attachment":[{"href":"https:\/\/powerchairfootballgrancanaria.com\/en\/wp-json\/wp\/v2\/media?parent=405"}],"curies":[{"name":"wp","href":"https:\/\/api.w.org\/{rel}","templated":true}]}}