{"id":9,"date":"2026-04-06T13:39:24","date_gmt":"2026-04-06T13:39:24","guid":{"rendered":"https:\/\/ghostwhite-eagle-430057.hostingersite.com\/?page_id=9"},"modified":"2026-04-26T16:25:24","modified_gmt":"2026-04-26T16:25:24","slug":"principal","status":"publish","type":"page","link":"https:\/\/powerchairfootballgrancanaria.com\/en\/","title":{"rendered":"Principal"},"content":{"rendered":"<div data-elementor-type=\"wp-page\" data-elementor-id=\"9\" class=\"elementor elementor-9\" data-elementor-post-type=\"page\">\n\t\t\t\t<div class=\"elementor-element elementor-element-840efaa e-flex e-con-boxed e-con e-parent\" data-id=\"840efaa\" data-element_type=\"container\" data-e-type=\"container\">\n\t\t\t\t\t<div class=\"e-con-inner\">\n\t\t\t\t<div class=\"elementor-element elementor-element-2915cad elementor-widget__width-initial elementor-widget elementor-widget-html\" data-id=\"2915cad\" data-element_type=\"widget\" data-e-type=\"widget\" data-widget_type=\"html.default\">\n\t\t\t\t\t<style>\r\n.powerchair-hero {\r\n    position: relative;\r\n    background: linear-gradient(rgba(0,0,0,0.6), rgba(0,0,0,0.6)), \r\n                url('http:\/\/powerchairfootballgrancanaria.com\/wp-content\/uploads\/2026\/04\/Partido-de-futbol-en-sillas-electricas.png') center\/cover no-repeat;\r\n    color: #fff;\r\n    padding: 80px 20px;\r\n    text-align: center;\r\n    border-radius: 10px;\r\n}\r\n\r\n.powerchair-hero h1 {\r\n    font-size: 40px;\r\n    margin-bottom: 20px;\r\n    font-weight: 700;\r\n}\r\n\r\n.powerchair-hero p {\r\n    font-size: 23px;\r\n    max-width: 800px;\r\n    margin: 0 auto 30px;\r\n    line-height: 1.6;\r\n}\r\n\r\n.powerchair-buttons {\r\n    display: flex;\r\n    justify-content: center;\r\n    gap: 15px;\r\n    flex-wrap: wrap;\r\n}\r\n\r\n.powerchair-btn {\r\n    padding: 14px 28px;\r\n    border-radius: 30px;\r\n    font-size: 16px;\r\n    text-decoration: none;\r\n    font-weight: 600;\r\n    transition: 0.3s ease;\r\n}\r\n\r\n.btn-primary {\r\n    background-color: #ffc107;\r\n    color: #000;\r\n}\r\n\r\n.btn-primary:hover {\r\n    background-color: #e0a800;\r\n}\r\n\r\n.btn-whatsapp {\r\n    background-color: #25D366;\r\n    color: #fff;\r\n}\r\n\r\n.btn-whatsapp:hover {\r\n    background-color: #1ebe5d;\r\n}\r\n<\/style>\r\n\r\n<div class=\"powerchair-hero\">\r\n    <h1>Bienvenido a Powerchair Football Gran Canaria <\/h1>\r\n    \r\n    <p>\r\n       Descubre un deporte \u00fanico donde la pasi\u00f3n, el esfuerzo y la superaci\u00f3n no tienen l\u00edmites. Powerchair Football Gran Canaria es una entidad sin fines de lucro donde impulsamos el f\u00fatbol en silla de ruedas motorizadas para personas que por sus patolog\u00edas utilizan una silla de ruedas para su vida diaria.\r\n        <br><br>\r\n        Creamos un espacio inclusivo donde cada persona puede disfrutar de este maravilloso deporte mixto y sin l\u00edmite de edad, una herramienta poderosa para la inclusi\u00f3n social y la igualdad de oportunidades donde los deportistas pueden experimentar beneficios f\u00edsicos, mentales y emocionales.\r\n    <\/p>\r\n\r\n    <div class=\"powerchair-buttons\">\r\n        <a href=\"https:\/\/powerchairfootballgrancanaria.com\/en\/contacto\/\" class=\"powerchair-btn btn-primary\">\r\n            Quiero saber m\u00e1s\r\n        <\/a>\r\n\r\n        <a href=\"https:\/\/wa.me\/34622846440\" target=\"_blank\" class=\"powerchair-btn btn-whatsapp\">\r\n            Contactar por WhatsApp\r\n        <\/a>\r\n    <\/div>\r\n<\/div>\t\t\t\t<\/div>\n\t\t\t\t\t<\/div>\n\t\t\t\t<\/div>\n\t\t<div class=\"elementor-element elementor-element-0873f28 e-flex e-con-boxed e-con e-parent\" data-id=\"0873f28\" data-element_type=\"container\" data-e-type=\"container\">\n\t\t\t\t\t<div class=\"e-con-inner\">\n\t\t<div class=\"elementor-element elementor-element-18b96ee e-con-full e-flex e-con e-child\" data-id=\"18b96ee\" data-element_type=\"container\" data-e-type=\"container\">\n\t\t\t\t\t\t\t<h2 \n\t\tdata-interaction-id=\"4a1ad9c\" \n\t\tclass=\"e-heading-base\" \n\t\t \n\t\tdata-e-type=\"widget\" data-id=\"4a1ad9c\"\n\t>\n\t\n\t\t\tTITANES, El primer equipo de Canarias\n\t\t<\/h2>\n\t\t\t\t<\/div>\n\t\t<div class=\"elementor-element elementor-element-3d419f0 e-con-full e-flex e-con e-child\" data-id=\"3d419f0\" data-element_type=\"container\" data-e-type=\"container\">\n\t\t<div class=\"elementor-element elementor-element-25e4f0c e-con-full e-flex e-con e-child\" data-id=\"25e4f0c\" data-element_type=\"container\" data-e-type=\"container\">\n\t\t<div class=\"elementor-element elementor-element-bcf89cc e-con-full e-flex e-con e-child\" data-id=\"bcf89cc\" data-element_type=\"container\" data-e-type=\"container\">\n\t\t\t\t<div class=\"elementor-element elementor-element-620ac17 elementor-widget elementor-widget-theme-site-logo elementor-widget-image\" data-id=\"620ac17\" data-element_type=\"widget\" data-e-type=\"widget\" data-widget_type=\"theme-site-logo.default\">\n\t\t\t\t\t\t\t\t\t\t\t<a href=\"https:\/\/powerchairfootballgrancanaria.com\/en\">\n\t\t\t<img fetchpriority=\"high\" decoding=\"async\" width=\"512\" height=\"512\" src=\"https:\/\/powerchairfootballgrancanaria.com\/wp-content\/uploads\/2026\/04\/cropped-logo.jpeg\" class=\"attachment-full size-full wp-image-20\" alt=\"\" srcset=\"https:\/\/powerchairfootballgrancanaria.com\/wp-content\/uploads\/2026\/04\/cropped-logo.jpeg 512w, https:\/\/powerchairfootballgrancanaria.com\/wp-content\/uploads\/2026\/04\/cropped-logo-300x300.jpeg 300w, https:\/\/powerchairfootballgrancanaria.com\/wp-content\/uploads\/2026\/04\/cropped-logo-150x150.jpeg 150w, https:\/\/powerchairfootballgrancanaria.com\/wp-content\/uploads\/2026\/04\/cropped-logo-270x270.jpeg 270w, https:\/\/powerchairfootballgrancanaria.com\/wp-content\/uploads\/2026\/04\/cropped-logo-192x192.jpeg 192w, https:\/\/powerchairfootballgrancanaria.com\/wp-content\/uploads\/2026\/04\/cropped-logo-180x180.jpeg 180w, https:\/\/powerchairfootballgrancanaria.com\/wp-content\/uploads\/2026\/04\/cropped-logo-32x32.jpeg 32w\" sizes=\"(max-width: 512px) 100vw, 512px\" \/>\t\t\t\t<\/a>\n\t\t\t\t\t\t\t\t\t\t\t<\/div>\n\t\t\t\t<\/div>\n\t\t<div class=\"elementor-element elementor-element-d0869aa e-con-full e-flex e-con e-child\" data-id=\"d0869aa\" data-element_type=\"container\" data-e-type=\"container\">\n\t\t\t\t<div class=\"elementor-element elementor-element-f423453 elementor-widget elementor-widget-text-editor\" data-id=\"f423453\" data-element_type=\"widget\" data-e-type=\"widget\" data-widget_type=\"text-editor.default\">\n\t\t\t\t\t\t\t\t\t<p>Los Titanes comenzaron a entrenar recientemente, en 2026. Se divierten, hacen amigos, se vinculan en una comunidad con intereses similares y tienen la posibilidad de competir en torneos organizados por la entidad oficial de Powerchair en Espa\u00f1a (ACPFE), con m\u00e1s de 15 equipos de primera y segunda divisi\u00f3n conformados por m\u00e1s de 100 jugadores que participan en las siguientes competiciones a nivel nacional.<\/p><p>Adem\u00e1s, Powerchair se practica oficialmente en al menos 32 pa\u00edses, y est\u00e1 regulado internacionalmente por la FIPFA (Federaci\u00f3n Internacional de Powerchair Football), con su sede en Z\u00farich, Suiza.<\/p>\t\t\t\t\t\t\t\t<\/div>\n\t\t\t\t<\/div>\n\t\t<div class=\"elementor-element elementor-element-1c915a2 e-con-full e-flex e-con e-child\" data-id=\"1c915a2\" data-element_type=\"container\" data-e-type=\"container\">\n\t\t\t\t<div class=\"elementor-element elementor-element-15c86c1 elementor-widget elementor-widget-text-editor\" data-id=\"15c86c1\" data-element_type=\"widget\" data-e-type=\"widget\" data-widget_type=\"text-editor.default\">\n\t\t\t\t\t\t\t\t\t<p>&#8211; Liga ACPFE de primera divisi\u00f3n<\/p><p>&#8211; Liga ACPFE de segunda divisi\u00f3n<\/p><p>&#8211; Copa Espa\u00f1a de Powerchair Football<\/p><p>&#8211; Torneo de Selecciones Auton\u00f3micas<\/p><p>&#8211; Torneos regionales<\/p>\t\t\t\t\t\t\t\t<\/div>\n\t\t\t\t<\/div>\n\t\t\t\t<\/div>\n\t\t\t\t<\/div>\n\t\t\t\t\t\t\t<h2 \n\t\tdata-interaction-id=\"652ed25\" \n\t\tclass=\"e-652ed25-3b80686 e-heading-base\" \n\t\t \n\t\tdata-e-type=\"widget\" data-id=\"652ed25\"\n\t>\n\t\n\t\t\t\u00a1Juntos somos Power!\n\t\t<\/h2>\n\t\t\t\t\t<\/div>\n\t\t\t\t<\/div>\n\t\t<div class=\"elementor-element elementor-element-f76425e e-flex e-con-boxed e-con e-parent\" data-id=\"f76425e\" data-element_type=\"container\" data-e-type=\"container\">\n\t\t\t\t\t<div class=\"e-con-inner\">\n\t\t\t\t<div class=\"elementor-element elementor-element-ec74b6d elementor-widget elementor-widget-video\" data-id=\"ec74b6d\" data-element_type=\"widget\" data-e-type=\"widget\" data-settings=\"{&quot;video_type&quot;:&quot;hosted&quot;,&quot;autoplay&quot;:&quot;yes&quot;,&quot;controls&quot;:&quot;yes&quot;}\" data-widget_type=\"video.default\">\n\t\t\t\t\t\t\t<div class=\"e-hosted-video elementor-wrapper elementor-open-inline\">\n\t\t\t\t\t<video class=\"elementor-video\" src=\"https:\/\/powerchairfootballgrancanaria.com\/wp-content\/uploads\/2026\/04\/videoprom.mp4\" autoplay=\"\" controls=\"\" controlslist=\"nodownload\"><\/video>\n\t\t\t\t<\/div>\n\t\t\t\t\t\t<\/div>\n\t\t\t\t\t<\/div>\n\t\t\t\t<\/div>\n\t\t<div class=\"elementor-element elementor-element-d87652b e-flex e-con-boxed e-con e-parent\" data-id=\"d87652b\" data-element_type=\"container\" data-e-type=\"container\">\n\t\t\t\t\t<div class=\"e-con-inner\">\n\t\t\t\t<div class=\"elementor-element elementor-element-705a07d elementor-align-right elementor-widget elementor-widget-button\" data-id=\"705a07d\" data-element_type=\"widget\" data-e-type=\"widget\" data-widget_type=\"button.default\">\n\t\t\t\t\t\t\t\t\t\t<a class=\"elementor-button elementor-button-link elementor-size-sm\" href=\"https:\/\/powerchairfootballgrancanaria.com\/en\/\">\n\t\t\t\t\t\t<span class=\"elementor-button-content-wrapper\">\n\t\t\t\t\t\t\t\t\t<span class=\"elementor-button-text\">Volver<\/span>\n\t\t\t\t\t<\/span>\n\t\t\t\t\t<\/a>\n\t\t\t\t\t\t\t\t<\/div>\n\t\t\t\t\t<\/div>\n\t\t\t\t<\/div>\n\t\t\t\t<\/div>","protected":false},"excerpt":{"rendered":"<p>Bienvenido a Powerchair Football Gran Canaria Descubre un deporte \u00fanico donde la pasi\u00f3n, el esfuerzo y la superaci\u00f3n no tienen l\u00edmites. Powerchair Football Gran Canaria es una entidad sin fines de lucro donde impulsamos el f\u00fatbol en silla de ruedas motorizadas para personas que por sus patolog\u00edas utilizan una silla de ruedas para su vida [&hellip;]<\/p>\n","protected":false},"author":1,"featured_media":0,"parent":0,"menu_order":0,"comment_status":"closed","ping_status":"closed","template":"","meta":{"footnotes":""},"class_list":["post-9","page","type-page","status-publish","hentry"],"_hostinger_reach_plugin_has_subscription_block":false,"_hostinger_reach_plugin_is_elementor":false,"jetpack_sharing_enabled":true,"_links":{"self":[{"href":"https:\/\/powerchairfootballgrancanaria.com\/en\/wp-json\/wp\/v2\/pages\/9","targetHints":{"allow":["GET"]}}],"collection":[{"href":"https:\/\/powerchairfootballgrancanaria.com\/en\/wp-json\/wp\/v2\/pages"}],"about":[{"href":"https:\/\/powerchairfootballgrancanaria.com\/en\/wp-json\/wp\/v2\/types\/page"}],"author":[{"embeddable":true,"href":"https:\/\/powerchairfootballgrancanaria.com\/en\/wp-json\/wp\/v2\/users\/1"}],"replies":[{"embeddable":true,"href":"https:\/\/powerchairfootballgrancanaria.com\/en\/wp-json\/wp\/v2\/comments?post=9"}],"version-history":[{"count":153,"href":"https:\/\/powerchairfootballgrancanaria.com\/en\/wp-json\/wp\/v2\/pages\/9\/revisions"}],"predecessor-version":[{"id":478,"href":"https:\/\/powerchairfootballgrancanaria.com\/en\/wp-json\/wp\/v2\/pages\/9\/revisions\/478"}],"wp:attachment":[{"href":"https:\/\/powerchairfootballgrancanaria.com\/en\/wp-json\/wp\/v2\/media?parent=9"}],"curies":[{"name":"wp","href":"https:\/\/api.w.org\/{rel}","templated":true}]}}