{"id":244,"date":"2026-04-08T11:24:19","date_gmt":"2026-04-08T11:24:19","guid":{"rendered":"https:\/\/powerchairfootballgrancanaria.com\/?post_type=product&#038;p=244"},"modified":"2026-04-08T12:05:49","modified_gmt":"2026-04-08T12:05:49","slug":"donacion-e-silla-de-powerchair-football","status":"publish","type":"product","link":"https:\/\/powerchairfootballgrancanaria.com\/en\/product\/donacion-e-silla-de-powerchair-football\/","title":{"rendered":"Donaci\u00f3n \u20ac Silla de Powerchair Football"},"content":{"rendered":"<h2>Tu Aportaci\u00f3n Marca la Diferencia<\/h2>\n<p>Haz que tu contribuci\u00f3n trascienda ayud\u00e1ndonos a adquirir una silla de competici\u00f3n. Tu apoyo no solo fortalece el rendimiento de los jugadores actuales, sino que tambi\u00e9n abre puertas para nuevos talentos en el mundo del Football inclusivo. Iremos actualizando a medida, de llegada de las donaciones.<\/p>\n<h2>Dale Oportunidades a Nuevos Jugadores<\/h2>\n<p>Tu participaci\u00f3n permitir\u00e1 que los aspirantes tengan acceso a las herramientas necesarias para destacar. Esta silla de competici\u00f3n representa estabilidad, comodidad y profesionalismo, elementos cruciales para un desempe\u00f1o \u00f3ptimo.<\/p>\n<p>&nbsp;<\/p>","protected":false},"excerpt":{"rendered":"<p>Tu Aportaci\u00f3n Marca la Diferencia Haz que tu contribuci\u00f3n trascienda ayud\u00e1ndonos a adquirir una silla de competici\u00f3n. Tu apoyo no solo fortalece el rendimiento de los jugadores actuales, sino que tambi\u00e9n abre puertas para nuevos talentos en el mundo del Football inclusivo. Iremos actualizando a medida, de llegada de las donaciones. Dale Oportunidades a Nuevos [&hellip;]<\/p>\n","protected":false},"featured_media":96,"template":"","meta":[],"product_brand":[],"product_cat":[17],"product_tag":[],"class_list":{"0":"post-244","1":"product","2":"type-product","3":"status-publish","4":"has-post-thumbnail","6":"product_cat-uncategorized","8":"first","9":"instock","10":"sold-individually","11":"shipping-taxable","12":"purchasable","13":"product-type-simple"},"jetpack_sharing_enabled":true,"_links":{"self":[{"href":"https:\/\/powerchairfootballgrancanaria.com\/en\/wp-json\/wp\/v2\/product\/244","targetHints":{"allow":["GET"]}}],"collection":[{"href":"https:\/\/powerchairfootballgrancanaria.com\/en\/wp-json\/wp\/v2\/product"}],"about":[{"href":"https:\/\/powerchairfootballgrancanaria.com\/en\/wp-json\/wp\/v2\/types\/product"}],"wp:featuredmedia":[{"embeddable":true,"href":"https:\/\/powerchairfootballgrancanaria.com\/en\/wp-json\/wp\/v2\/media\/96"}],"wp:attachment":[{"href":"https:\/\/powerchairfootballgrancanaria.com\/en\/wp-json\/wp\/v2\/media?parent=244"}],"wp:term":[{"taxonomy":"product_brand","embeddable":true,"href":"https:\/\/powerchairfootballgrancanaria.com\/en\/wp-json\/wp\/v2\/product_brand?post=244"},{"taxonomy":"product_cat","embeddable":true,"href":"https:\/\/powerchairfootballgrancanaria.com\/en\/wp-json\/wp\/v2\/product_cat?post=244"},{"taxonomy":"product_tag","embeddable":true,"href":"https:\/\/powerchairfootballgrancanaria.com\/en\/wp-json\/wp\/v2\/product_tag?post=244"}],"curies":[{"name":"wp","href":"https:\/\/api.w.org\/{rel}","templated":true}]}}