{"id":420,"date":"2026-04-20T18:04:37","date_gmt":"2026-04-20T18:04:37","guid":{"rendered":"https:\/\/powerchairfootballgrancanaria.com\/?post_type=product&#038;p=420"},"modified":"2026-04-20T18:44:45","modified_gmt":"2026-04-20T18:44:45","slug":"articulos-y-equipamientos","status":"publish","type":"product","link":"https:\/\/powerchairfootballgrancanaria.com\/en\/product\/articulos-y-equipamientos\/","title":{"rendered":"Art\u00edculos y equipamientos"},"content":{"rendered":"<h2>Fomentando la Pasi\u00f3n por el Deporte<\/h2>\n<p>El deporte en Canarias est\u00e1 en plena expansi\u00f3n, impulsando h\u00e1bitos saludables y promoviendo una comunidad activa. Desde equipamiento deportivo especializado hasta los viajes y traslados necesarios para competir, cada aspecto contribuye a potenciar esta creciente pasi\u00f3n en las islas.<\/p>\n<h2>Equipamiento y Recursos para el \u00c9xito<\/h2>\n<p>Desde la necesidad de art\u00edculos deportivos que apoyen a nuestros deportistas, creemos totalmente en el apoyo econ\u00f3mico de la sociedad, donde te invitamos a ello.<\/p>\n<p>&nbsp;<\/p>","protected":false},"excerpt":{"rendered":"<p>Fomentando la Pasi\u00f3n por el Deporte El deporte en Canarias est\u00e1 en plena expansi\u00f3n, impulsando h\u00e1bitos saludables y promoviendo una comunidad activa. Desde equipamiento deportivo especializado hasta los viajes y traslados necesarios para competir, cada aspecto contribuye a potenciar esta creciente pasi\u00f3n en las islas. Equipamiento y Recursos para el \u00c9xito Desde la necesidad de [&hellip;]<\/p>\n","protected":false},"featured_media":417,"template":"","meta":[],"product_brand":[],"product_cat":[17],"product_tag":[],"class_list":{"0":"post-420","1":"product","2":"type-product","3":"status-publish","4":"has-post-thumbnail","6":"product_cat-uncategorized","8":"first","9":"instock","10":"shipping-taxable","11":"product-type-simple"},"jetpack_sharing_enabled":true,"_links":{"self":[{"href":"https:\/\/powerchairfootballgrancanaria.com\/en\/wp-json\/wp\/v2\/product\/420","targetHints":{"allow":["GET"]}}],"collection":[{"href":"https:\/\/powerchairfootballgrancanaria.com\/en\/wp-json\/wp\/v2\/product"}],"about":[{"href":"https:\/\/powerchairfootballgrancanaria.com\/en\/wp-json\/wp\/v2\/types\/product"}],"wp:featuredmedia":[{"embeddable":true,"href":"https:\/\/powerchairfootballgrancanaria.com\/en\/wp-json\/wp\/v2\/media\/417"}],"wp:attachment":[{"href":"https:\/\/powerchairfootballgrancanaria.com\/en\/wp-json\/wp\/v2\/media?parent=420"}],"wp:term":[{"taxonomy":"product_brand","embeddable":true,"href":"https:\/\/powerchairfootballgrancanaria.com\/en\/wp-json\/wp\/v2\/product_brand?post=420"},{"taxonomy":"product_cat","embeddable":true,"href":"https:\/\/powerchairfootballgrancanaria.com\/en\/wp-json\/wp\/v2\/product_cat?post=420"},{"taxonomy":"product_tag","embeddable":true,"href":"https:\/\/powerchairfootballgrancanaria.com\/en\/wp-json\/wp\/v2\/product_tag?post=420"}],"curies":[{"name":"wp","href":"https:\/\/api.w.org\/{rel}","templated":true}]}}